{"id":387,"date":"2023-06-08T20:41:24","date_gmt":"2023-06-08T20:41:24","guid":{"rendered":"https:\/\/828mkt.com.br\/iplcontabil\/?page_id=387"},"modified":"2023-06-08T20:42:44","modified_gmt":"2023-06-08T20:42:44","slug":"faq","status":"publish","type":"page","link":"https:\/\/828mkt.com.br\/iplcontabil\/faq\/","title":{"rendered":"FAQ"},"content":{"rendered":"\t\t<div data-elementor-type=\"wp-page\" data-elementor-id=\"387\" class=\"elementor elementor-387\">\n\t\t\t\t\t\t\t\t\t<section class=\"elementor-section elementor-top-section elementor-element elementor-element-b2aef74 elementor-section-boxed elementor-section-height-default elementor-section-height-default\" data-id=\"b2aef74\" data-element_type=\"section\" data-settings=\"{&quot;background_background&quot;:&quot;classic&quot;}\">\n\t\t\t\t\t\t\t<div class=\"elementor-background-overlay\"><\/div>\n\t\t\t\t\t\t\t<div class=\"elementor-container elementor-column-gap-no\">\n\t\t\t\t\t<div class=\"elementor-column elementor-col-100 elementor-top-column elementor-element elementor-element-95aa06b\" data-id=\"95aa06b\" data-element_type=\"column\">\n\t\t\t<div class=\"elementor-widget-wrap elementor-element-populated\">\n\t\t\t\t\t\t\t\t<div class=\"elementor-element elementor-element-8fdf795 elementor-widget elementor-widget-heading\" data-id=\"8fdf795\" data-element_type=\"widget\" data-widget_type=\"heading.default\">\n\t\t\t\t<div class=\"elementor-widget-container\">\n\t\t\t<style>\/*! elementor - v3.12.2 - 23-04-2023 *\/\n.elementor-heading-title{padding:0;margin:0;line-height:1}.elementor-widget-heading .elementor-heading-title[class*=elementor-size-]>a{color:inherit;font-size:inherit;line-height:inherit}.elementor-widget-heading .elementor-heading-title.elementor-size-small{font-size:15px}.elementor-widget-heading .elementor-heading-title.elementor-size-medium{font-size:19px}.elementor-widget-heading .elementor-heading-title.elementor-size-large{font-size:29px}.elementor-widget-heading .elementor-heading-title.elementor-size-xl{font-size:39px}.elementor-widget-heading .elementor-heading-title.elementor-size-xxl{font-size:59px}<\/style><h1 class=\"elementor-heading-title elementor-size-default\">FAQ<\/h1>\t\t<\/div>\n\t\t\t\t<\/div>\n\t\t\t\t\t<\/div>\n\t\t<\/div>\n\t\t\t\t\t\t\t<\/div>\n\t\t<\/section>\n\t\t\t\t<section class=\"elementor-section elementor-top-section elementor-element elementor-element-663060a elementor-section-boxed elementor-section-height-default elementor-section-height-default\" data-id=\"663060a\" data-element_type=\"section\">\n\t\t\t\t\t\t<div class=\"elementor-container elementor-column-gap-no\">\n\t\t\t\t\t<div class=\"elementor-column elementor-col-100 elementor-top-column elementor-element elementor-element-e020b67\" data-id=\"e020b67\" data-element_type=\"column\">\n\t\t\t<div class=\"elementor-widget-wrap elementor-element-populated\">\n\t\t\t\t\t\t\t\t<div class=\"elementor-element elementor-element-31b013c elementor-widget elementor-widget-elementskit-accordion\" data-id=\"31b013c\" data-element_type=\"widget\" data-widget_type=\"elementskit-accordion.default\">\n\t\t\t\t<div class=\"elementor-widget-container\">\n\t\t\t<div class=\"ekit-wid-con\" >\n        <div class=\"elementskit-accordion accoedion-primary\" id=\"accordion-69e0081a6e02c\">\n\n            \n                <div class=\"elementskit-card active\">\n                    <div class=\"elementskit-card-header\" id=\"primaryHeading-0-31b013c\">\n                        <a href=\"#collapse-742262a69e0081a6e02c\" class=\"ekit-accordion--toggler elementskit-btn-link collapsed\" data-ekit-toggle=\"collapse\" data-target=\"#Collapse-742262a69e0081a6e02c\" aria-expanded=\"true\" aria-controls=\"Collapse-742262a69e0081a6e02c\">\n                            \n                            <span class=\"ekit-accordion-title\"> Por que minha empresa precisa de servi\u00e7os de contabilidade?<\/span>\n\n                            \n                                <div class=\"ekit_accordion_icon_group\">\n                                    <div class=\"ekit_accordion_normal_icon\">\n                                        <!-- Normal Icon -->\n                                        <i aria-hidden=\"true\" class=\"icon-open icon-right icon icon-down-arrow1\"><\/i>                                    <\/div>\n\n                                    <div class=\"ekit_accordion_active_icon\">\n                                        <!-- Active Icon -->\n                                        <i aria-hidden=\"true\" class=\"icon-closed icon-right icon icon-up-arrow\"><\/i>                                    <\/div>\n\n                                <\/div>\n\n                            \n                                                    <\/a>\n                    <\/div>\n\n                    <div id=\"Collapse-742262a69e0081a6e02c\" class=\" show collapse\" aria-labelledby=\"primaryHeading-0-31b013c\" data-parent=\"#accordion-69e0081a6e02c\">\n\n                        <div class=\"elementskit-card-body ekit-accordion--content\">\n                            <p>Os servi\u00e7os de contabilidade s\u00e3o essenciais para empresas de todos os tamanhos, pois eles garantem o controle financeiro preciso, fornecem informa\u00e7\u00f5es para tomada de decis\u00f5es estrat\u00e9gicas, garantem a conformidade legal e transmitem credibilidade aos stakeholders.<\/p>                        <\/div>\n\n                    <\/div>\n\n                <\/div><!-- .elementskit-card END -->\n\n                \n                <div class=\"elementskit-card \">\n                    <div class=\"elementskit-card-header\" id=\"primaryHeading-1-31b013c\">\n                        <a href=\"#collapse-43e98fa69e0081a6e02c\" class=\"ekit-accordion--toggler elementskit-btn-link collapsed\" data-ekit-toggle=\"collapse\" data-target=\"#Collapse-43e98fa69e0081a6e02c\" aria-expanded=\"false\" aria-controls=\"Collapse-43e98fa69e0081a6e02c\">\n                            \n                            <span class=\"ekit-accordion-title\">Posso fazer a contabilidade da minha empresa por conta pr\u00f3pria?<\/span>\n\n                            \n                                <div class=\"ekit_accordion_icon_group\">\n                                    <div class=\"ekit_accordion_normal_icon\">\n                                        <!-- Normal Icon -->\n                                        <i aria-hidden=\"true\" class=\"icon-open icon-right icon icon-down-arrow1\"><\/i>                                    <\/div>\n\n                                    <div class=\"ekit_accordion_active_icon\">\n                                        <!-- Active Icon -->\n                                        <i aria-hidden=\"true\" class=\"icon-closed icon-right icon icon-up-arrow\"><\/i>                                    <\/div>\n\n                                <\/div>\n\n                            \n                                                    <\/a>\n                    <\/div>\n\n                    <div id=\"Collapse-43e98fa69e0081a6e02c\" class=\" collapse\" aria-labelledby=\"primaryHeading-1-31b013c\" data-parent=\"#accordion-69e0081a6e02c\">\n\n                        <div class=\"elementskit-card-body ekit-accordion--content\">\n                            <p>Embora seja poss\u00edvel fazer a contabilidade internamente, \u00e9 altamente recomendado contar com profissionais especializados. A contabilidade envolve conhecimentos t\u00e9cnicos e exig\u00eancias legais complexas, e um erro pode acarretar consequ\u00eancias financeiras e legais. Contar com um contador ou uma empresa de contabilidade confi\u00e1vel garante a precis\u00e3o e conformidade das informa\u00e7\u00f5es.<\/p>                        <\/div>\n\n                    <\/div>\n\n                <\/div><!-- .elementskit-card END -->\n\n                \n                <div class=\"elementskit-card \">\n                    <div class=\"elementskit-card-header\" id=\"primaryHeading-2-31b013c\">\n                        <a href=\"#collapse-fe1929969e0081a6e02c\" class=\"ekit-accordion--toggler elementskit-btn-link collapsed\" data-ekit-toggle=\"collapse\" data-target=\"#Collapse-fe1929969e0081a6e02c\" aria-expanded=\"false\" aria-controls=\"Collapse-fe1929969e0081a6e02c\">\n                            \n                            <span class=\"ekit-accordion-title\">Como a contabilidade pode ajudar minha empresa a economizar dinheiro?<\/span>\n\n                            \n                                <div class=\"ekit_accordion_icon_group\">\n                                    <div class=\"ekit_accordion_normal_icon\">\n                                        <!-- Normal Icon -->\n                                        <i aria-hidden=\"true\" class=\"icon-open icon-right icon icon-down-arrow1\"><\/i>                                    <\/div>\n\n                                    <div class=\"ekit_accordion_active_icon\">\n                                        <!-- Active Icon -->\n                                        <i aria-hidden=\"true\" class=\"icon-closed icon-right icon icon-up-arrow\"><\/i>                                    <\/div>\n\n                                <\/div>\n\n                            \n                                                    <\/a>\n                    <\/div>\n\n                    <div id=\"Collapse-fe1929969e0081a6e02c\" class=\" collapse\" aria-labelledby=\"primaryHeading-2-31b013c\" data-parent=\"#accordion-69e0081a6e02c\">\n\n                        <div class=\"elementskit-card-body ekit-accordion--content\">\n                            <p>A contabilidade pode ajudar sua empresa a economizar dinheiro de v\u00e1rias maneiras. Ela permite identificar \u00e1reas de custos excessivos, avaliar a rentabilidade de investimentos, otimizar a carga tribut\u00e1ria e garantir o cumprimento das obriga\u00e7\u00f5es legais evitando multas e penalidades.<\/p>                        <\/div>\n\n                    <\/div>\n\n                <\/div><!-- .elementskit-card END -->\n\n                \n                <div class=\"elementskit-card \">\n                    <div class=\"elementskit-card-header\" id=\"primaryHeading-3-31b013c\">\n                        <a href=\"#collapse-d8f4d8c69e0081a6e02c\" class=\"ekit-accordion--toggler elementskit-btn-link collapsed\" data-ekit-toggle=\"collapse\" data-target=\"#Collapse-d8f4d8c69e0081a6e02c\" aria-expanded=\"false\" aria-controls=\"Collapse-d8f4d8c69e0081a6e02c\">\n                            \n                            <span class=\"ekit-accordion-title\">Quais documentos s\u00e3o necess\u00e1rios para iniciar os servi\u00e7os de contabilidade?<\/span>\n\n                            \n                                <div class=\"ekit_accordion_icon_group\">\n                                    <div class=\"ekit_accordion_normal_icon\">\n                                        <!-- Normal Icon -->\n                                        <i aria-hidden=\"true\" class=\"icon-open icon-right icon icon-down-arrow1\"><\/i>                                    <\/div>\n\n                                    <div class=\"ekit_accordion_active_icon\">\n                                        <!-- Active Icon -->\n                                        <i aria-hidden=\"true\" class=\"icon-closed icon-right icon icon-up-arrow\"><\/i>                                    <\/div>\n\n                                <\/div>\n\n                            \n                                                    <\/a>\n                    <\/div>\n\n                    <div id=\"Collapse-d8f4d8c69e0081a6e02c\" class=\" collapse\" aria-labelledby=\"primaryHeading-3-31b013c\" data-parent=\"#accordion-69e0081a6e02c\">\n\n                        <div class=\"elementskit-card-body ekit-accordion--content\">\n                            <p>Os documentos necess\u00e1rios podem variar, mas geralmente incluem contratos sociais, documentos de identifica\u00e7\u00e3o dos s\u00f3cios, comprovante de endere\u00e7o, balancetes e registros cont\u00e1beis anteriores. Um escrit\u00f3rio de contabilidade confi\u00e1vel fornecer\u00e1 uma lista completa dos documentos necess\u00e1rios.<\/p>                        <\/div>\n\n                    <\/div>\n\n                <\/div><!-- .elementskit-card END -->\n\n                        <\/div>\n    <\/div>\t\t<\/div>\n\t\t\t\t<\/div>\n\t\t\t\t\t<\/div>\n\t\t<\/div>\n\t\t\t\t\t\t\t<\/div>\n\t\t<\/section>\n\t\t\t\t\t\t\t<\/div>\n\t\t","protected":false},"excerpt":{"rendered":"<p>FAQ Por que minha empresa precisa de servi\u00e7os de contabilidade? Os servi\u00e7os de contabilidade s\u00e3o essenciais para empresas de todos os tamanhos, pois eles garantem o controle financeiro preciso, fornecem informa\u00e7\u00f5es para tomada de decis\u00f5es estrat\u00e9gicas, garantem a conformidade legal e transmitem credibilidade aos stakeholders. Posso fazer a contabilidade da minha empresa por conta pr\u00f3pria? [&hellip;]<\/p>\n","protected":false},"author":1,"featured_media":0,"parent":0,"menu_order":0,"comment_status":"closed","ping_status":"closed","template":"","meta":{"_joinchat":[],"footnotes":""},"class_list":["post-387","page","type-page","status-publish","hentry"],"_links":{"self":[{"href":"https:\/\/828mkt.com.br\/iplcontabil\/wp-json\/wp\/v2\/pages\/387","targetHints":{"allow":["GET"]}}],"collection":[{"href":"https:\/\/828mkt.com.br\/iplcontabil\/wp-json\/wp\/v2\/pages"}],"about":[{"href":"https:\/\/828mkt.com.br\/iplcontabil\/wp-json\/wp\/v2\/types\/page"}],"author":[{"embeddable":true,"href":"https:\/\/828mkt.com.br\/iplcontabil\/wp-json\/wp\/v2\/users\/1"}],"replies":[{"embeddable":true,"href":"https:\/\/828mkt.com.br\/iplcontabil\/wp-json\/wp\/v2\/comments?post=387"}],"version-history":[{"count":7,"href":"https:\/\/828mkt.com.br\/iplcontabil\/wp-json\/wp\/v2\/pages\/387\/revisions"}],"predecessor-version":[{"id":394,"href":"https:\/\/828mkt.com.br\/iplcontabil\/wp-json\/wp\/v2\/pages\/387\/revisions\/394"}],"wp:attachment":[{"href":"https:\/\/828mkt.com.br\/iplcontabil\/wp-json\/wp\/v2\/media?parent=387"}],"curies":[{"name":"wp","href":"https:\/\/api.w.org\/{rel}","templated":true}]}}