{"id":371,"date":"2023-06-08T20:30:39","date_gmt":"2023-06-08T20:30:39","guid":{"rendered":"https:\/\/828mkt.com.br\/iplcontabil\/?page_id=371"},"modified":"2023-06-08T20:33:06","modified_gmt":"2023-06-08T20:33:06","slug":"sobre","status":"publish","type":"page","link":"https:\/\/828mkt.com.br\/iplcontabil\/sobre\/","title":{"rendered":"Sobre"},"content":{"rendered":"\t\t<div data-elementor-type=\"wp-page\" data-elementor-id=\"371\" class=\"elementor elementor-371\">\n\t\t\t\t\t\t\t\t\t<section class=\"elementor-section elementor-top-section elementor-element elementor-element-5c18f64 elementor-section-boxed elementor-section-height-default elementor-section-height-default\" data-id=\"5c18f64\" data-element_type=\"section\" data-settings=\"{&quot;background_background&quot;:&quot;classic&quot;}\">\n\t\t\t\t\t\t\t<div class=\"elementor-background-overlay\"><\/div>\n\t\t\t\t\t\t\t<div class=\"elementor-container elementor-column-gap-no\">\n\t\t\t\t\t<div class=\"elementor-column elementor-col-100 elementor-top-column elementor-element elementor-element-913b527\" data-id=\"913b527\" data-element_type=\"column\">\n\t\t\t<div class=\"elementor-widget-wrap elementor-element-populated\">\n\t\t\t\t\t\t\t\t<div class=\"elementor-element elementor-element-4401d59 elementor-widget elementor-widget-heading\" data-id=\"4401d59\" data-element_type=\"widget\" data-widget_type=\"heading.default\">\n\t\t\t\t<div class=\"elementor-widget-container\">\n\t\t\t<style>\/*! elementor - v3.12.2 - 23-04-2023 *\/\n.elementor-heading-title{padding:0;margin:0;line-height:1}.elementor-widget-heading .elementor-heading-title[class*=elementor-size-]>a{color:inherit;font-size:inherit;line-height:inherit}.elementor-widget-heading .elementor-heading-title.elementor-size-small{font-size:15px}.elementor-widget-heading .elementor-heading-title.elementor-size-medium{font-size:19px}.elementor-widget-heading .elementor-heading-title.elementor-size-large{font-size:29px}.elementor-widget-heading .elementor-heading-title.elementor-size-xl{font-size:39px}.elementor-widget-heading .elementor-heading-title.elementor-size-xxl{font-size:59px}<\/style><h1 class=\"elementor-heading-title elementor-size-default\">Sobre<\/h1>\t\t<\/div>\n\t\t\t\t<\/div>\n\t\t\t\t\t<\/div>\n\t\t<\/div>\n\t\t\t\t\t\t\t<\/div>\n\t\t<\/section>\n\t\t\t\t<section class=\"elementor-section elementor-top-section elementor-element elementor-element-567a2e5 elementor-section-content-middle elementor-section-boxed elementor-section-height-default elementor-section-height-default\" data-id=\"567a2e5\" data-element_type=\"section\">\n\t\t\t\t\t\t<div class=\"elementor-container elementor-column-gap-no\">\n\t\t\t\t\t<div class=\"elementor-column elementor-col-50 elementor-top-column elementor-element elementor-element-7cf60e8 elementor-invisible\" data-id=\"7cf60e8\" data-element_type=\"column\" data-settings=\"{&quot;animation&quot;:&quot;fadeInUp&quot;}\">\n\t\t\t<div class=\"elementor-widget-wrap elementor-element-populated\">\n\t\t\t\t\t\t\t\t<div class=\"elementor-element elementor-element-585492e elementor-widget elementor-widget-heading\" data-id=\"585492e\" data-element_type=\"widget\" data-widget_type=\"heading.default\">\n\t\t\t\t<div class=\"elementor-widget-container\">\n\t\t\t<h2 class=\"elementor-heading-title elementor-size-default\">IPL Cont\u00e1bil<\/h2>\t\t<\/div>\n\t\t\t\t<\/div>\n\t\t\t\t<div class=\"elementor-element elementor-element-19e13c7 elementor-widget elementor-widget-text-editor\" data-id=\"19e13c7\" data-element_type=\"widget\" data-widget_type=\"text-editor.default\">\n\t\t\t\t<div class=\"elementor-widget-container\">\n\t\t\t<style>\/*! elementor - v3.12.2 - 23-04-2023 *\/\n.elementor-widget-text-editor.elementor-drop-cap-view-stacked .elementor-drop-cap{background-color:#69727d;color:#fff}.elementor-widget-text-editor.elementor-drop-cap-view-framed .elementor-drop-cap{color:#69727d;border:3px solid;background-color:transparent}.elementor-widget-text-editor:not(.elementor-drop-cap-view-default) .elementor-drop-cap{margin-top:8px}.elementor-widget-text-editor:not(.elementor-drop-cap-view-default) .elementor-drop-cap-letter{width:1em;height:1em}.elementor-widget-text-editor .elementor-drop-cap{float:left;text-align:center;line-height:1;font-size:50px}.elementor-widget-text-editor .elementor-drop-cap-letter{display:inline-block}<\/style>\t\t\t\t<p>A hist\u00f3ria de determina\u00e7\u00e3o e credibilidade do IPL Cont\u00e1bil come\u00e7ou a ser escrita quando o gestor da empresa e empres\u00e1rio Igor Pereira Lopes ainda era menino. Aos 12 anos, em 1992, ao ser admito no escrit\u00f3rio administrado por seu pai Carlos Antonio e mais um s\u00f3cio, o jovem j\u00e1 demonstrava pensamentos vision\u00e1rios e metas bem objetivas: Assumir, t\u00e3o logo tivesse pleno conhecimento de todos os setores, os neg\u00f3cios da fam\u00edlia.<\/p><p><span style=\"background-color: var( --e-global-color-8c7e707 ); color: var( --e-global-color-text ); font-family: var( --e-global-typography-text-font-family ), Sans-serif; font-size: var( --e-global-typography-text-font-size ); font-weight: var( --e-global-typography-text-font-weight ); letter-spacing: var( --e-global-typography-text-letter-spacing ); word-spacing: var( --e-global-typography-text-word-spacing );\">Para tanto, sua primeira experi\u00eancia na Souza Lopes foi como office boy banc\u00e1rio, em regime de meio per\u00edodo, de forma que pudesse conciliar o trabalho com os estudos. A promo\u00e7\u00e3o para office boy em per\u00edodo integral surgiu logo na sequ\u00eancia, seguida da efetiva\u00e7\u00e3o em setores internos. O primeiro deles foi o Departamento de Legaliza\u00e7\u00e3o, mesmo de seu pai. De l\u00e1, quando j\u00e1 cursava o T\u00e9cnico em Contabilidade, aos 16 anos, Igor migrou para o Departamento Fiscal.<\/span><\/p><p><span style=\"background-color: var( --e-global-color-8c7e707 ); color: var( --e-global-color-text ); font-family: var( --e-global-typography-text-font-family ), Sans-serif; font-size: var( --e-global-typography-text-font-size ); font-weight: var( --e-global-typography-text-font-weight ); letter-spacing: var( --e-global-typography-text-letter-spacing ); word-spacing: var( --e-global-typography-text-word-spacing );\">Mais decidido do que nunca, aos 17 anos, em 1997 e ap\u00f3s a sociedade ser desfeita, Igor Pereira Lopes conseguiu ser emancipado e efetivamente assumiu o Souza Lopes, nome fantasia que manteve at\u00e9 o ano 2000, quando a empresa deixou a Rua Martim Francisco e se instalou na Rua Col\u00fambia, ambas em Santo Andr\u00e9. Naquele momento, Igor n\u00e3o mudou apenas de endere\u00e7o, mas tamb\u00e9m a identidade da institui\u00e7\u00e3o: Nascia ent\u00e3o a IPL Cont\u00e1bil.<\/span><\/p><p><span style=\"background-color: var( --e-global-color-8c7e707 ); color: var( --e-global-color-text ); font-family: var( --e-global-typography-text-font-family ), Sans-serif; font-size: var( --e-global-typography-text-font-size ); font-weight: var( --e-global-typography-text-font-weight ); letter-spacing: var( --e-global-typography-text-letter-spacing ); word-spacing: var( --e-global-typography-text-word-spacing );\">J\u00e1 em 2013, as instala\u00e7\u00f5es da Rua Col\u00fambia n\u00e3o comportavam mais a demanda e uma nova mudan\u00e7a, agora para a Alameda S\u00e3o Caetano, em um espa\u00e7o amplo e moderno, aconteceu. Com essa nova estrutura, a IPL Cont\u00e1bil foi ganhando cada vez mais espa\u00e7o entre seus clientes e hoje, muito al\u00e9m de ser uma prestadora de servi\u00e7o, a IPL Cont\u00e1bil atua como Diretoria Consultiva, sendo que sua opini\u00e3o tem peso decisivo para muitas das 100 empresas atendidas atualmente.<\/span><\/p>\t\t\t\t\t\t<\/div>\n\t\t\t\t<\/div>\n\t\t\t\t\t<\/div>\n\t\t<\/div>\n\t\t\t\t<div class=\"elementor-column elementor-col-50 elementor-top-column elementor-element elementor-element-4b316c1 elementor-hidden-mobile\" data-id=\"4b316c1\" data-element_type=\"column\" data-settings=\"{&quot;background_background&quot;:&quot;classic&quot;}\">\n\t\t\t<div class=\"elementor-widget-wrap elementor-element-populated\">\n\t\t\t\t\t<div class=\"elementor-background-overlay\"><\/div>\n\t\t\t\t\t\t\t\t<div class=\"elementor-element elementor-element-b336c1c elementor-widget elementor-widget-spacer\" data-id=\"b336c1c\" data-element_type=\"widget\" data-widget_type=\"spacer.default\">\n\t\t\t\t<div class=\"elementor-widget-container\">\n\t\t\t<style>\/*! elementor - v3.12.2 - 23-04-2023 *\/\n.elementor-column .elementor-spacer-inner{height:var(--spacer-size)}.e-con{--container-widget-width:100%}.e-con-inner>.elementor-widget-spacer,.e-con>.elementor-widget-spacer{width:var(--container-widget-width,var(--spacer-size));--align-self:var(--container-widget-align-self,initial);--flex-shrink:0}.e-con-inner>.elementor-widget-spacer>.elementor-widget-container,.e-con-inner>.elementor-widget-spacer>.elementor-widget-container>.elementor-spacer,.e-con>.elementor-widget-spacer>.elementor-widget-container,.e-con>.elementor-widget-spacer>.elementor-widget-container>.elementor-spacer{height:100%}.e-con-inner>.elementor-widget-spacer>.elementor-widget-container>.elementor-spacer>.elementor-spacer-inner,.e-con>.elementor-widget-spacer>.elementor-widget-container>.elementor-spacer>.elementor-spacer-inner{height:var(--container-widget-height,var(--spacer-size))}<\/style>\t\t<div class=\"elementor-spacer\">\n\t\t\t<div class=\"elementor-spacer-inner\"><\/div>\n\t\t<\/div>\n\t\t\t\t<\/div>\n\t\t\t\t<\/div>\n\t\t\t\t\t<\/div>\n\t\t<\/div>\n\t\t\t\t\t\t\t<\/div>\n\t\t<\/section>\n\t\t\t\t\t\t\t<\/div>\n\t\t","protected":false},"excerpt":{"rendered":"<p>Sobre IPL Cont\u00e1bil A hist\u00f3ria de determina\u00e7\u00e3o e credibilidade do IPL Cont\u00e1bil come\u00e7ou a ser escrita quando o gestor da empresa e empres\u00e1rio Igor Pereira Lopes ainda era menino. Aos 12 anos, em 1992, ao ser admito no escrit\u00f3rio administrado por seu pai Carlos Antonio e mais um s\u00f3cio, o jovem j\u00e1 demonstrava pensamentos vision\u00e1rios [&hellip;]<\/p>\n","protected":false},"author":1,"featured_media":0,"parent":0,"menu_order":0,"comment_status":"closed","ping_status":"closed","template":"","meta":{"_joinchat":[],"footnotes":""},"class_list":["post-371","page","type-page","status-publish","hentry"],"_links":{"self":[{"href":"https:\/\/828mkt.com.br\/iplcontabil\/wp-json\/wp\/v2\/pages\/371","targetHints":{"allow":["GET"]}}],"collection":[{"href":"https:\/\/828mkt.com.br\/iplcontabil\/wp-json\/wp\/v2\/pages"}],"about":[{"href":"https:\/\/828mkt.com.br\/iplcontabil\/wp-json\/wp\/v2\/types\/page"}],"author":[{"embeddable":true,"href":"https:\/\/828mkt.com.br\/iplcontabil\/wp-json\/wp\/v2\/users\/1"}],"replies":[{"embeddable":true,"href":"https:\/\/828mkt.com.br\/iplcontabil\/wp-json\/wp\/v2\/comments?post=371"}],"version-history":[{"count":4,"href":"https:\/\/828mkt.com.br\/iplcontabil\/wp-json\/wp\/v2\/pages\/371\/revisions"}],"predecessor-version":[{"id":376,"href":"https:\/\/828mkt.com.br\/iplcontabil\/wp-json\/wp\/v2\/pages\/371\/revisions\/376"}],"wp:attachment":[{"href":"https:\/\/828mkt.com.br\/iplcontabil\/wp-json\/wp\/v2\/media?parent=371"}],"curies":[{"name":"wp","href":"https:\/\/api.w.org\/{rel}","templated":true}]}}